{"id":23058,"date":"2024-07-21T14:03:08","date_gmt":"2024-07-21T17:03:08","guid":{"rendered":"https:\/\/uru-cueros.uy\/?post_type=product&#038;p=23058"},"modified":"2025-04-14T12:41:34","modified_gmt":"2025-04-14T15:41:34","slug":"gamulan-remo-tostado","status":"publish","type":"product","link":"https:\/\/uru-cueros.uy\/index.php\/product\/gamulan-remo-tostado\/","title":{"rendered":"Gamul\u00e1n REMO tostado"},"content":{"rendered":"<p>Nuestro abrigo de cuero ovino uruguayo, te va a acompa\u00f1ar muchos inviernos, brind\u00e1ndote calidez y suavidad.<\/p>\n","protected":false},"excerpt":{"rendered":"<p>Nuestro abrigo de cuero ovino uruguayo, te va a acompa\u00f1ar muchos inviernos, brind\u00e1ndote calidez y suavidad.<\/p>\n","protected":false},"featured_media":23166,"comment_status":"open","ping_status":"closed","template":"","meta":{"_joinchat":[]},"product_brand":[],"product_cat":[185,184],"product_tag":[],"class_list":{"0":"post-23058","1":"product","2":"type-product","3":"status-publish","4":"has-post-thumbnail","6":"product_cat-camperas","7":"product_cat-vestimenta","9":"first","10":"outofstock","11":"sale","12":"shipping-taxable","13":"purchasable","14":"product-type-variable"},"aioseo_notices":[],"jetpack_sharing_enabled":true,"_links":{"self":[{"href":"https:\/\/uru-cueros.uy\/index.php\/wp-json\/wp\/v2\/product\/23058"}],"collection":[{"href":"https:\/\/uru-cueros.uy\/index.php\/wp-json\/wp\/v2\/product"}],"about":[{"href":"https:\/\/uru-cueros.uy\/index.php\/wp-json\/wp\/v2\/types\/product"}],"replies":[{"embeddable":true,"href":"https:\/\/uru-cueros.uy\/index.php\/wp-json\/wp\/v2\/comments?post=23058"}],"wp:featuredmedia":[{"embeddable":true,"href":"https:\/\/uru-cueros.uy\/index.php\/wp-json\/wp\/v2\/media\/23166"}],"wp:attachment":[{"href":"https:\/\/uru-cueros.uy\/index.php\/wp-json\/wp\/v2\/media?parent=23058"}],"wp:term":[{"taxonomy":"product_brand","embeddable":true,"href":"https:\/\/uru-cueros.uy\/index.php\/wp-json\/wp\/v2\/product_brand?post=23058"},{"taxonomy":"product_cat","embeddable":true,"href":"https:\/\/uru-cueros.uy\/index.php\/wp-json\/wp\/v2\/product_cat?post=23058"},{"taxonomy":"product_tag","embeddable":true,"href":"https:\/\/uru-cueros.uy\/index.php\/wp-json\/wp\/v2\/product_tag?post=23058"}],"curies":[{"name":"wp","href":"https:\/\/api.w.org\/{rel}","templated":true}]}}