{"id":23733,"date":"2025-04-27T17:50:14","date_gmt":"2025-04-27T20:50:14","guid":{"rendered":"https:\/\/uru-cueros.uy\/?post_type=product&#038;p=23733"},"modified":"2026-03-12T15:28:01","modified_gmt":"2026-03-12T18:28:01","slug":"campera-domi-negra","status":"publish","type":"product","link":"https:\/\/uru-cueros.uy\/index.php\/product\/campera-domi-negra\/","title":{"rendered":"Campera DOMI negra"},"content":{"rendered":"<p>Esta campera est\u00e1 confeccionada en cuero ovino.<\/p>\n<p>Con cuero de alt\u00edsima calidad, reconocido por su suavidad extrema y textura liviana. Tan delicada al tacto que se siente como una prenda de algod\u00f3n, pero con toda la elegancia, durabilidad y presencia del cuero aut\u00e9ntico.<\/p>\n<p>Un dise\u00f1o cl\u00e1sico y sofisticado, pensado para acompa\u00f1arte durante a\u00f1os sin perder vigencia. Ideal para quienes valoran la comodidad sin renunciar al estilo.<\/p>\n","protected":false},"excerpt":{"rendered":"<p>Esta campera est\u00e1 confeccionada en cuero ovino.<\/p>\n<p>Con cuero de alt\u00edsima calidad, reconocido por su suavidad extrema y textura liviana. Tan delicada al tacto que se siente como una prenda de algod\u00f3n, pero con toda la elegancia, durabilidad y presencia del cuero aut\u00e9ntico.<\/p>\n<p>Un dise\u00f1o cl\u00e1sico y sofisticado, pensado para acompa\u00f1arte durante a\u00f1os sin perder vigencia. Ideal para quienes valoran la comodidad sin renunciar al estilo.<\/p>\n<p>&nbsp;<\/p>\n<p>Te la hacemos a medida si lo prefer\u00eds.<\/p>\n","protected":false},"featured_media":23730,"comment_status":"open","ping_status":"closed","template":"","meta":{"_joinchat":[]},"product_brand":[],"product_cat":[185,188,184],"product_tag":[],"class_list":{"0":"post-23733","1":"product","2":"type-product","3":"status-publish","4":"has-post-thumbnail","6":"product_cat-camperas","7":"product_cat-chaquetas","8":"product_cat-vestimenta","10":"first","11":"instock","12":"sale","13":"shipping-taxable","14":"purchasable","15":"product-type-variable","16":"has-default-attributes"},"aioseo_notices":[],"jetpack_sharing_enabled":true,"_links":{"self":[{"href":"https:\/\/uru-cueros.uy\/index.php\/wp-json\/wp\/v2\/product\/23733"}],"collection":[{"href":"https:\/\/uru-cueros.uy\/index.php\/wp-json\/wp\/v2\/product"}],"about":[{"href":"https:\/\/uru-cueros.uy\/index.php\/wp-json\/wp\/v2\/types\/product"}],"replies":[{"embeddable":true,"href":"https:\/\/uru-cueros.uy\/index.php\/wp-json\/wp\/v2\/comments?post=23733"}],"wp:featuredmedia":[{"embeddable":true,"href":"https:\/\/uru-cueros.uy\/index.php\/wp-json\/wp\/v2\/media\/23730"}],"wp:attachment":[{"href":"https:\/\/uru-cueros.uy\/index.php\/wp-json\/wp\/v2\/media?parent=23733"}],"wp:term":[{"taxonomy":"product_brand","embeddable":true,"href":"https:\/\/uru-cueros.uy\/index.php\/wp-json\/wp\/v2\/product_brand?post=23733"},{"taxonomy":"product_cat","embeddable":true,"href":"https:\/\/uru-cueros.uy\/index.php\/wp-json\/wp\/v2\/product_cat?post=23733"},{"taxonomy":"product_tag","embeddable":true,"href":"https:\/\/uru-cueros.uy\/index.php\/wp-json\/wp\/v2\/product_tag?post=23733"}],"curies":[{"name":"wp","href":"https:\/\/api.w.org\/{rel}","templated":true}]}}